{"id":3176,"date":"2020-02-07T16:39:42","date_gmt":"2020-02-07T16:39:42","guid":{"rendered":"https:\/\/yachtaqua.comaqua\/?page_id=3176"},"modified":"2024-08-08T09:59:13","modified_gmt":"2024-08-08T14:59:13","slug":"experiences-aqua","status":"publish","type":"page","link":"https:\/\/yachtaqua.com\/es\/experiences-aqua\/","title":{"rendered":"Experiencias"},"content":{"rendered":"<div class=\"wpb-content-wrapper\"><div  class=\"content_row row vc_row wpb_row  wpb_animate_when_almost_visible wpb_fadeIn fadeIn  wpb_animate_when_almost_visible wpb_fadeIn fadeIn default-style fullwidth fixed_heights rt-flex-wrapper rt-flex-wrapper has-custom-margin\" style=\"margin-top:30px;\">\n\t\n\t<div class=\"content_row_wrapper align-contents content-align-middle nopadding fullwidth\" >\n\t<div id=\"asdasd\" class=\"vc_col-sm-12 wpb_column vc_column_container custom_bg\" >\n\t<div class=\"vc_column-inner\" style=\"background-color: rgba(255,255,255,0.1);\">\n\t\t<div class=\"wpb_wrapper\" >\n\t\t\t<div class=\"rt_heading_wrapper style-4\">\n\t\t\t\t\t\t<h1 class=\"rt_heading  style-4\" >EXPERIENCIAS DE CRUCERO<\/h1> \n\t\t\t\t\t<\/div>\n\t\t<\/div>\n\t<\/div>\n\t<\/div>\n\n<\/div>\n<\/div>\n\n<div  class=\"content_row row vc_row wpb_row  wpb_animate_when_almost_visible wpb_fadeIn fadeIn  wpb_animate_when_almost_visible wpb_fadeIn fadeIn default-style fullwidth fixed_heights rt-flex-wrapper rt-flex-wrapper\" >\n\t\n\t<div class=\"content_row_wrapper align-contents content-align-middle fullwidth\" style=\"padding-top:40px;padding-bottom:40px;\"><div id=\"asdasd\" class=\"vc_col-sm-3 wpb_column vc_column_container\" >\n\t<div class=\"vc_column-inner\">\n\t\t<div class=\"wpb_wrapper\" >\n\t\t\t\n\t<div  class=\"wpb_single_image wpb_content_element vc_align_left wpb_content_element\">\n\t\t\n\t\t<figure class=\"wpb_wrapper vc_figure\">\n\t\t\t<div class=\"vc_single_image-wrapper   vc_box_border_grey\"><img decoding=\"async\" width=\"800\" height=\"709\" data-src=\"https:\/\/yachtaqua.com\/wp-content\/uploads\/2020\/05\/aqua_comfortable_galapagos.jpg\" class=\"vc_single_image-img attachment-full lazyload\" alt=\"Aqua Yacht comfortable naturalist galapagos\" title=\"aqua_comfortable_galapagos\" data-srcset=\"https:\/\/yachtaqua.com\/wp-content\/uploads\/2020\/05\/aqua_comfortable_galapagos.jpg 800w, https:\/\/yachtaqua.com\/wp-content\/uploads\/2020\/05\/aqua_comfortable_galapagos-600x532.jpg 600w, https:\/\/yachtaqua.com\/wp-content\/uploads\/2020\/05\/aqua_comfortable_galapagos-300x266.jpg 300w, https:\/\/yachtaqua.com\/wp-content\/uploads\/2020\/05\/aqua_comfortable_galapagos-768x681.jpg 768w\" data-sizes=\"(max-width: 800px) 100vw, 800px\" src=\"data:image\/svg+xml;base64,PHN2ZyB3aWR0aD0iMSIgaGVpZ2h0PSIxIiB4bWxucz0iaHR0cDovL3d3dy53My5vcmcvMjAwMC9zdmciPjwvc3ZnPg==\" style=\"--smush-placeholder-width: 800px; --smush-placeholder-aspect-ratio: 800\/709;\" \/><\/div>\n\t\t<\/figure>\n\t<\/div>\n\n\t\t<\/div>\n\t<\/div>\n\t<\/div>\n\n\t<div id=\"asdasd\" class=\"vc_col-sm-3 wpb_column vc_column_container custom_bg\" >\n\t<div class=\"vc_column-inner\" style=\"background-color: rgba(255,255,255,0.1);\">\n\t\t<div class=\"wpb_wrapper\" >\n\t\t\t<div class=\"rt_heading_wrapper style-7\">\n\t\t\t\t\t\t<h5 class=\"rt_heading  aligncenter style-7\" >Una experiencia c\u00f3moda y conveniente, \u00fanica en la vida<\/h5> \n\t\t\t\t\t<\/div><div class=\"ult-spacer spacer-69e588eca73ce\" data-id=\"69e588eca73ce\" data-height=\"15\" data-height-mobile=\"15\" data-height-tab=\"15\" data-height-tab-portrait=\"\" data-height-mobile-landscape=\"\" style=\"clear:both;display:block;\"><\/div>\n\t<div class=\"wpb_text_column wpb_content_element\" >\n\t\t<div class=\"wpb_wrapper\">\n\t\t\t<p style=\"text-align: center;\">Prep\u00e1rate para vivir la aventura de tu vida a bordo del M\/Y Aqua! <span style=\"font-weight: 400;\">Esta expedici\u00f3n te llevar\u00e1 hacia y desde<\/span> los sitios de visita m\u00e1s emocionantes <span style=\"font-weight: 400;\">del archipi\u00e9lago, mientras disfrutas de tu tiempo a bordo de este c\u00f3modo yate a motor.<\/span><\/p>\n\n\t\t<\/div>\n\t<\/div>\n\n\t\t<\/div>\n\t<\/div>\n\t<\/div>\n\n\t<div id=\"asdasd\" class=\"vc_col-sm-3 wpb_column vc_column_container\" >\n\t<div class=\"vc_column-inner\" style=\"padding-left:30px;padding-right:30px;\">\n\t\t<div class=\"wpb_wrapper\" >\n\t\t\t\n\t<div  class=\"wpb_single_image wpb_content_element vc_align_left wpb_content_element\">\n\t\t\n\t\t<figure class=\"wpb_wrapper vc_figure\">\n\t\t\t<div class=\"vc_single_image-wrapper   vc_box_border_grey\"><img decoding=\"async\" width=\"395\" height=\"350\" data-src=\"https:\/\/yachtaqua.com\/wp-content\/uploads\/2020\/04\/aqua-dive-galapagos.jpg\" class=\"vc_single_image-img attachment-full lazyload\" alt=\"Aqua diving galapagos\" title=\"aqua-dive-galapagos\" data-srcset=\"https:\/\/yachtaqua.com\/wp-content\/uploads\/2020\/04\/aqua-dive-galapagos.jpg 395w, https:\/\/yachtaqua.com\/wp-content\/uploads\/2020\/04\/aqua-dive-galapagos-300x266.jpg 300w\" data-sizes=\"(max-width: 395px) 100vw, 395px\" src=\"data:image\/svg+xml;base64,PHN2ZyB3aWR0aD0iMSIgaGVpZ2h0PSIxIiB4bWxucz0iaHR0cDovL3d3dy53My5vcmcvMjAwMC9zdmciPjwvc3ZnPg==\" style=\"--smush-placeholder-width: 395px; --smush-placeholder-aspect-ratio: 395\/350;\" \/><\/div>\n\t\t<\/figure>\n\t<\/div>\n\n\t\t<\/div>\n\t<\/div>\n\t<\/div>\n\n\t<div id=\"asdasd\" class=\"vc_col-sm-3 wpb_column vc_column_container\" >\n\t<div class=\"vc_column-inner\">\n\t\t<div class=\"wpb_wrapper\" >\n\t\t\t<div class=\"rt_heading_wrapper style-7\">\n\t\t\t\t\t\t<h5 class=\"rt_heading  aligncenter style-7\" >Bucea solo en los mejores sitios de las Islas Gal\u00e1pagos<\/h5> \n\t\t\t\t\t<\/div><div class=\"ult-spacer spacer-69e588eca7c59\" data-id=\"69e588eca7c59\" data-height=\"15\" data-height-mobile=\"15\" data-height-tab=\"15\" data-height-tab-portrait=\"\" data-height-mobile-landscape=\"\" style=\"clear:both;display:block;\"><\/div>\n\t<div class=\"wpb_text_column wpb_content_element\" >\n\t\t<div class=\"wpb_wrapper\">\n\t\t\t<p>Visita los sitios de buceo m\u00e1s excepcionales de las singulares Islas Gal\u00e1pagos. <span style=\"font-weight: 400;\">No te preocupes por la seguridad: nuestros especialistas profesionales en buceo <\/span>te acompa\u00f1ar\u00e1n y bucear\u00e1n contigo para garantizar que tu experiencia sea lo m\u00e1s fluida y segura posible.<\/p>\n\n\t\t<\/div>\n\t<\/div>\n\n\t\t<\/div>\n\t<\/div>\n\t<\/div>\n<\/div>\n<\/div>\n\n<div id=\"diving-program\" class=\"content_row row vc_row wpb_row  wpb_animate_when_almost_visible wpb_fadeIn fadeIn  wpb_animate_when_almost_visible wpb_fadeIn fadeIn default-style fullwidth fixed_heights rt-flex-wrapper rt-flex-wrapper has-custom-margin\" style=\"margin-top:30px;\">\n\t\n\t<div class=\"content_row_wrapper align-contents content-align-middle nopadding fullwidth\" >\n\t<div id=\"asdasd\" class=\"vc_col-sm-12 wpb_column vc_column_container custom_bg\" >\n\t<div class=\"vc_column-inner\" style=\"background-color: rgba(255,255,255,0.1);\">\n\t\t<div class=\"wpb_wrapper\" >\n\t\t\t<div class=\"rt_heading_wrapper style-4\">\n\t\t\t\t\t\t<h1 class=\"rt_heading  style-4\" >PROGRAMA DE BUCEO<\/h1> \n\t\t\t\t\t<\/div>\n\t\t<\/div>\n\t<\/div>\n\t<\/div>\n\n<\/div>\n<\/div>\n\n<div  class=\"content_row row vc_row wpb_row  wpb_animate_when_almost_visible wpb_fadeIn fadeIn  wpb_animate_when_almost_visible wpb_fadeIn fadeIn default-style fullwidth fixed_heights rt-flex-wrapper rt-flex-wrapper\" >\n\t\n\t<div class=\"content_row_wrapper align-contents content-align-middle fullwidth\" style=\"padding-top:40px;padding-bottom:40px;\"><div id=\"asdasd\" class=\"vc_col-sm-3 wpb_column vc_column_container\" >\n\t<div class=\"vc_column-inner\">\n\t\t<div class=\"wpb_wrapper\" >\n\t\t\t\n\t<div  class=\"wpb_single_image wpb_content_element vc_align_right wpb_content_element\">\n\t\t\n\t\t<figure class=\"wpb_wrapper vc_figure\">\n\t\t\t<div class=\"vc_single_image-wrapper vc_box_shadow  vc_box_border_grey\"><img decoding=\"async\" width=\"335\" height=\"297\" data-src=\"https:\/\/yachtaqua.com\/wp-content\/uploads\/2020\/04\/aqua_dive1_galapagos.jpg\" class=\"vc_single_image-img attachment-full lazyload\" alt=\"Galapagos hammerhead sharks\" title=\"aqua_dive1_galapagos\" data-srcset=\"https:\/\/yachtaqua.com\/wp-content\/uploads\/2020\/04\/aqua_dive1_galapagos.jpg 335w, https:\/\/yachtaqua.com\/wp-content\/uploads\/2020\/04\/aqua_dive1_galapagos-300x266.jpg 300w\" data-sizes=\"(max-width: 335px) 100vw, 335px\" src=\"data:image\/svg+xml;base64,PHN2ZyB3aWR0aD0iMSIgaGVpZ2h0PSIxIiB4bWxucz0iaHR0cDovL3d3dy53My5vcmcvMjAwMC9zdmciPjwvc3ZnPg==\" style=\"--smush-placeholder-width: 335px; --smush-placeholder-aspect-ratio: 335\/297;\" \/><\/div>\n\t\t<\/figure>\n\t<\/div>\n\n\t\t<\/div>\n\t<\/div>\n\t<\/div>\n\n\t<div id=\"asdasd\" class=\"vc_col-sm-3 wpb_column vc_column_container custom_bg\" >\n\t<div class=\"vc_column-inner\" style=\"background-color: rgba(255,255,255,0.1);\">\n\t\t<div class=\"wpb_wrapper\" >\n\t\t\t<div class=\"rt_heading_wrapper style-7\">\n\t\t\t\t\t\t<h5 class=\"rt_heading  aligncenter style-7\" >Un lugar \u00fanico, especies raras<\/h5> \n\t\t\t\t\t<\/div><div class=\"ult-spacer spacer-69e588eca8953\" data-id=\"69e588eca8953\" data-height=\"15\" data-height-mobile=\"15\" data-height-tab=\"15\" data-height-tab-portrait=\"\" data-height-mobile-landscape=\"\" style=\"clear:both;display:block;\"><\/div>\n\t<div class=\"wpb_text_column wpb_content_element\" >\n\t\t<div class=\"wpb_wrapper\">\n\t\t\t<p style=\"text-align: center;\"><span style=\"font-weight: 400;\">Gal\u00e1pagos es, sin duda, el sitio de buceo pel\u00e1gico m\u00e1s espectacular del planeta. Es uno de los pocos lugares donde puedes bucear entre cientos de tiburones martillo<\/span> y tener la oportunidad de ver un tibur\u00f3n ballena pasando majestuosamente. Sum\u00e9rgete en las cristalinas aguas de las islas y descubre tiburones sedosos, tortugas marinas, morenas gigantes, bancos de peces por miles y mucho m\u00e1s!<\/p>\n\n\t\t<\/div>\n\t<\/div>\n\n\t\t<\/div>\n\t<\/div>\n\t<\/div>\n\n\t<div id=\"asdasd\" class=\"vc_col-sm-3 wpb_column vc_column_container\" >\n\t<div class=\"vc_column-inner\" style=\"padding-left:30px;padding-right:30px;\">\n\t\t<div class=\"wpb_wrapper\" >\n\t\t\t\n\t<div  class=\"wpb_single_image wpb_content_element vc_align_center wpb_content_element\">\n\t\t\n\t\t<figure class=\"wpb_wrapper vc_figure\">\n\t\t\t<div class=\"vc_single_image-wrapper vc_box_shadow  vc_box_border_grey\"><img decoding=\"async\" width=\"335\" height=\"297\" data-src=\"https:\/\/yachtaqua.com\/wp-content\/uploads\/2020\/04\/aqua_dive3_galapagos.jpg\" class=\"vc_single_image-img attachment-full lazyload\" alt=\"aqua diving galapagos islands experience\" title=\"aqua_dive3_galapagos\" data-srcset=\"https:\/\/yachtaqua.com\/wp-content\/uploads\/2020\/04\/aqua_dive3_galapagos.jpg 335w, https:\/\/yachtaqua.com\/wp-content\/uploads\/2020\/04\/aqua_dive3_galapagos-300x266.jpg 300w\" data-sizes=\"(max-width: 335px) 100vw, 335px\" src=\"data:image\/svg+xml;base64,PHN2ZyB3aWR0aD0iMSIgaGVpZ2h0PSIxIiB4bWxucz0iaHR0cDovL3d3dy53My5vcmcvMjAwMC9zdmciPjwvc3ZnPg==\" style=\"--smush-placeholder-width: 335px; --smush-placeholder-aspect-ratio: 335\/297;\" \/><\/div>\n\t\t<\/figure>\n\t<\/div>\n\n\t\t<\/div>\n\t<\/div>\n\t<\/div>\n\n\t<div id=\"asdasd\" class=\"vc_col-sm-3 wpb_column vc_column_container\" >\n\t<div class=\"vc_column-inner\">\n\t\t<div class=\"wpb_wrapper\" >\n\t\t\t<div class=\"rt_heading_wrapper style-7\">\n\t\t\t\t\t\t<h5 class=\"rt_heading  aligncenter style-7\" >Una experiencia exclusiva, todos los d\u00edas<\/h5> \n\t\t\t\t\t<\/div><div class=\"ult-spacer spacer-69e588eca914e\" data-id=\"69e588eca914e\" data-height=\"15\" data-height-mobile=\"15\" data-height-tab=\"15\" data-height-tab-portrait=\"\" data-height-mobile-landscape=\"\" style=\"clear:both;display:block;\"><\/div>\n\t<div class=\"wpb_text_column wpb_content_element\" >\n\t\t<div class=\"wpb_wrapper\">\n\t\t\t<p style=\"text-align: center;\">Pocas personas pueden ver lo que se encuentra bajo las hermosas Islas Gal\u00e1pagos, y ahora es TU oportunidad. Hemos creado un itinerario exclusivo de buceo hacia las ubicaciones m\u00e1s incre\u00edbles de todo el Archipi\u00e9lago. La gran variedad de sitios de buceo garantiza que nunca vivas exactamente la misma experiencia de vida marina dos veces.<\/p>\n\n\t\t<\/div>\n\t<\/div>\n\n\t\t<\/div>\n\t<\/div>\n\t<\/div>\n<\/div>\n<\/div>\n<\/div>","protected":false},"excerpt":{"rendered":"<p>&#8230; <a class=\"more-link\" href=\"https:\/\/yachtaqua.com\/es\/experiences-aqua\/\">Continue reading<\/a><\/p>","protected":false},"author":1,"featured_media":0,"parent":0,"menu_order":0,"comment_status":"closed","ping_status":"closed","template":"","meta":{"footnotes":""},"class_list":["post-3176","page","type-page","status-publish","hentry"],"yoast_head":"<!-- This site is optimized with the Yoast SEO plugin v27.4 - https:\/\/yoast.com\/product\/yoast-seo-wordpress\/ -->\n<title>Experiences - Yacht Aqua<\/title>\n<meta name=\"robots\" content=\"index, follow, max-snippet:-1, max-image-preview:large, max-video-preview:-1\" \/>\n<link rel=\"canonical\" href=\"https:\/\/yachtaqua.com\/es\/experiences-aqua\/\" \/>\n<meta property=\"og:locale\" content=\"es_ES\" \/>\n<meta property=\"og:type\" content=\"article\" \/>\n<meta property=\"og:title\" content=\"Experiences - Yacht Aqua\" \/>\n<meta property=\"og:url\" content=\"https:\/\/yachtaqua.com\/es\/experiences-aqua\/\" \/>\n<meta property=\"og:site_name\" content=\"Yacht Aqua\" \/>\n<meta property=\"article:modified_time\" content=\"2024-08-08T14:59:13+00:00\" \/>\n<meta name=\"twitter:card\" content=\"summary_large_image\" \/>\n<meta name=\"twitter:label1\" content=\"Tiempo de lectura\" \/>\n\t<meta name=\"twitter:data1\" content=\"6 minutos\" \/>\n<script type=\"application\/ld+json\" class=\"yoast-schema-graph\">{\"@context\":\"https:\\\/\\\/schema.org\",\"@graph\":[{\"@type\":\"WebPage\",\"@id\":\"https:\\\/\\\/yachtaqua.com\\\/experiences-aqua\\\/\",\"url\":\"https:\\\/\\\/yachtaqua.com\\\/experiences-aqua\\\/\",\"name\":\"Experiences - Yacht Aqua\",\"isPartOf\":{\"@id\":\"https:\\\/\\\/yachtaqua.com\\\/#website\"},\"datePublished\":\"2020-02-07T16:39:42+00:00\",\"dateModified\":\"2024-08-08T14:59:13+00:00\",\"breadcrumb\":{\"@id\":\"https:\\\/\\\/yachtaqua.com\\\/experiences-aqua\\\/#breadcrumb\"},\"inLanguage\":\"es\",\"potentialAction\":[{\"@type\":\"ReadAction\",\"target\":[\"https:\\\/\\\/yachtaqua.com\\\/experiences-aqua\\\/\"]}]},{\"@type\":\"BreadcrumbList\",\"@id\":\"https:\\\/\\\/yachtaqua.com\\\/experiences-aqua\\\/#breadcrumb\",\"itemListElement\":[{\"@type\":\"ListItem\",\"position\":1,\"name\":\"Inicio\",\"item\":\"https:\\\/\\\/yachtaqua.com\\\/\"},{\"@type\":\"ListItem\",\"position\":2,\"name\":\"Experiences\"}]},{\"@type\":\"WebSite\",\"@id\":\"https:\\\/\\\/yachtaqua.com\\\/#website\",\"url\":\"https:\\\/\\\/yachtaqua.com\\\/\",\"name\":\"Yacht Aqua\",\"description\":\"Dive in the Galapagos Islands now!\",\"potentialAction\":[{\"@type\":\"SearchAction\",\"target\":{\"@type\":\"EntryPoint\",\"urlTemplate\":\"https:\\\/\\\/yachtaqua.com\\\/?s={search_term_string}\"},\"query-input\":{\"@type\":\"PropertyValueSpecification\",\"valueRequired\":true,\"valueName\":\"search_term_string\"}}],\"inLanguage\":\"es\"}]}<\/script>\n<!-- \/ Yoast SEO plugin. -->","yoast_head_json":{"title":"Experiences - Yacht Aqua","robots":{"index":"index","follow":"follow","max-snippet":"max-snippet:-1","max-image-preview":"max-image-preview:large","max-video-preview":"max-video-preview:-1"},"canonical":"https:\/\/yachtaqua.com\/es\/experiences-aqua\/","og_locale":"es_ES","og_type":"article","og_title":"Experiences - Yacht Aqua","og_url":"https:\/\/yachtaqua.com\/es\/experiences-aqua\/","og_site_name":"Yacht Aqua","article_modified_time":"2024-08-08T14:59:13+00:00","twitter_card":"summary_large_image","twitter_misc":{"Tiempo de lectura":"6 minutos"},"schema":{"@context":"https:\/\/schema.org","@graph":[{"@type":"WebPage","@id":"https:\/\/yachtaqua.com\/experiences-aqua\/","url":"https:\/\/yachtaqua.com\/experiences-aqua\/","name":"Experiences - Yacht Aqua","isPartOf":{"@id":"https:\/\/yachtaqua.com\/#website"},"datePublished":"2020-02-07T16:39:42+00:00","dateModified":"2024-08-08T14:59:13+00:00","breadcrumb":{"@id":"https:\/\/yachtaqua.com\/experiences-aqua\/#breadcrumb"},"inLanguage":"es","potentialAction":[{"@type":"ReadAction","target":["https:\/\/yachtaqua.com\/experiences-aqua\/"]}]},{"@type":"BreadcrumbList","@id":"https:\/\/yachtaqua.com\/experiences-aqua\/#breadcrumb","itemListElement":[{"@type":"ListItem","position":1,"name":"Inicio","item":"https:\/\/yachtaqua.com\/"},{"@type":"ListItem","position":2,"name":"Experiences"}]},{"@type":"WebSite","@id":"https:\/\/yachtaqua.com\/#website","url":"https:\/\/yachtaqua.com\/","name":"Yacht Aqua","description":"\u00a1Sum\u00e9rgete ahora en las Islas Gal\u00e1pagos!","potentialAction":[{"@type":"SearchAction","target":{"@type":"EntryPoint","urlTemplate":"https:\/\/yachtaqua.com\/?s={search_term_string}"},"query-input":{"@type":"PropertyValueSpecification","valueRequired":true,"valueName":"search_term_string"}}],"inLanguage":"es"}]}},"_links":{"self":[{"href":"https:\/\/yachtaqua.com\/es\/wp-json\/wp\/v2\/pages\/3176","targetHints":{"allow":["GET"]}}],"collection":[{"href":"https:\/\/yachtaqua.com\/es\/wp-json\/wp\/v2\/pages"}],"about":[{"href":"https:\/\/yachtaqua.com\/es\/wp-json\/wp\/v2\/types\/page"}],"author":[{"embeddable":true,"href":"https:\/\/yachtaqua.com\/es\/wp-json\/wp\/v2\/users\/1"}],"replies":[{"embeddable":true,"href":"https:\/\/yachtaqua.com\/es\/wp-json\/wp\/v2\/comments?post=3176"}],"version-history":[{"count":109,"href":"https:\/\/yachtaqua.com\/es\/wp-json\/wp\/v2\/pages\/3176\/revisions"}],"predecessor-version":[{"id":5583,"href":"https:\/\/yachtaqua.com\/es\/wp-json\/wp\/v2\/pages\/3176\/revisions\/5583"}],"wp:attachment":[{"href":"https:\/\/yachtaqua.com\/es\/wp-json\/wp\/v2\/media?parent=3176"}],"curies":[{"name":"wp","href":"https:\/\/api.w.org\/{rel}","templated":true}]}}