{"id":4217,"date":"2020-04-13T17:06:20","date_gmt":"2020-04-13T17:06:20","guid":{"rendered":"https:\/\/yachtaqua.comaqua\/?page_id=4217"},"modified":"2024-08-08T12:29:29","modified_gmt":"2024-08-08T17:29:29","slug":"galapagos-experience","status":"publish","type":"page","link":"https:\/\/yachtaqua.com\/es\/galapagos-experience\/","title":{"rendered":"Galapagos Experience"},"content":{"rendered":"<div class=\"wpb-content-wrapper\"><div  class=\"content_row row vc_row wpb_row  default-style fullwidth fixed_heights rt-flex-wrapper rt-flex-wrapper has-custom-margin\" style=\"margin-top:30px;\">\n\t\n\t<div class=\"content_row_wrapper align-contents content-align-middle nopadding fullwidth\" ><div id=\"asdasd\" class=\"vc_col-sm-12 wpb_column vc_column_container custom_bg\" >\n\t<div class=\"vc_column-inner\" style=\"padding-top:0px;padding-bottom:20px;background-color: rgba(255,255,255,0.1);\">\n\t\t<div class=\"wpb_wrapper\" >\n\t\t\t<div class=\"rt_heading_wrapper style-4\">\n\t\t\t\t\t\t<h1 class=\"rt_heading  style-4\" >EXPERIENCIA GAL\u00c1PAGOS<\/h1> \n\t\t\t\t\t<\/div>\n\t\t<\/div>\n\t<\/div>\n\t<\/div>\n\n\t<div id=\"asdasd\" class=\"vc_col-sm-4 wpb_column vc_column_container mobile-border-bottom\" >\n\t<div class=\"vc_column-inner\" style=\"padding-top:30px;\">\n\t\t<div class=\"wpb_wrapper\" >\n\t\t\t<article  class=\"image-content-box content-box box-style-1 center\"><div class=\"featured_image_holder\"><img decoding=\"async\" class=\"img-responsive lazyload\" data-src=\"https:\/\/yachtaqua.com\/wp-content\/uploads\/2020\/05\/hikers-enjoy-panorama-at-viewpoint-giant-caldera-sierra-negra-volcano-galapagos.jpg\" alt=\"Aqua Yacht Galapagos Islands wildlife\" src=\"data:image\/svg+xml;base64,PHN2ZyB3aWR0aD0iMSIgaGVpZ2h0PSIxIiB4bWxucz0iaHR0cDovL3d3dy53My5vcmcvMjAwMC9zdmciPjwvc3ZnPg==\" style=\"--smush-placeholder-width: 550px; --smush-placeholder-aspect-ratio: 550\/359;\" \/><\/div><div class=\"text-holder\"><h3 class=\"heading\">Aprovechamiento \u00f3ptimo de su tiempo en Gal\u00e1pagos<\/h3> <p id=\"u12419-2\"><span style=\"font-weight: 400;\">Nuestros programas activos de crucero naturalista y de buceo<\/span> son la forma m\u00e1s eficiente de aprovechar al m\u00e1ximo su valioso tiempo en Gal\u00e1pagos. Combinamos desplazamientos nocturnos con al menos dos excursiones por d\u00eda completo; \u00a1incluso puede haber una actividad adicional! <span style=\"font-weight: 400;\">Todas las actividades son dirigidas<\/span> por los mejores gu\u00edas naturalistas y buzos certificados, de habla inglesa.<\/p>\n<p id=\"u12419-5\">La alternativa de tours <span style=\"font-weight: 400;\">con base en hoteles (\u201cprogramas de island hopping\u201d) pierden mucho tiempo<\/span> en traslados de ida y vuelta, a menudo en lanchas r\u00e1pidas inc\u00f3modas, y generalmente solo permiten visitar un sitio cercano por d\u00eda (al mediod\u00eda). <span style=\"font-weight: 400;\">Mientras tanto, Aqua navega hacia destinos m\u00e1s exclusivos<\/span> y muestra a sus pasajeros el doble en el mismo tiempo. Adem\u00e1s, las grandes embarcaciones de expedici\u00f3n no pueden ingresar a las bah\u00edas paradis\u00edacas <span style=\"font-weight: 400;\">y poco profundas donde nosotros fondeamos.<\/span>.<\/p>\n<\/div><\/article>\n\t\t<\/div>\n\t<\/div>\n\t<\/div>\n\n\t<div id=\"asdasd\" class=\"vc_col-sm-4 wpb_column vc_column_container mobile-border-bottom custom_bg\" >\n\t<div class=\"vc_column-inner\" style=\"padding-top:30px;background-color: rgba(255,255,255,0.1);\">\n\t\t<div class=\"wpb_wrapper\" >\n\t\t\t<article  class=\"image-content-box content-box box-style-1 center\"><div class=\"featured_image_holder\"><img decoding=\"async\" class=\"img-responsive lazyload\" data-src=\"https:\/\/yachtaqua.com\/wp-content\/uploads\/2020\/05\/wildlife-observation-galapagos-guide-with-senior-tourist-couple-400x600px.jpg\" alt=\"Aqua Yacht Galapagos Islands experiences\" src=\"data:image\/svg+xml;base64,PHN2ZyB3aWR0aD0iMSIgaGVpZ2h0PSIxIiB4bWxucz0iaHR0cDovL3d3dy53My5vcmcvMjAwMC9zdmciPjwvc3ZnPg==\" style=\"--smush-placeholder-width: 600px; --smush-placeholder-aspect-ratio: 600\/400;\" \/><\/div><div class=\"text-holder\"><h3 class=\"heading\">Dando vida a la naturaleza<\/h3> <p id=\"u12422-2\"><span style=\"font-weight: 400;\">Sin duda, su gu\u00eda naturalista o de buceo es el pilar fundamental de su experiencia en Gal\u00e1pagos.<\/span> Como yate de aventura a motor de categor\u00eda media, Aqua cuenta \u00fanicamente con los mejores gu\u00edas y buzos certificados por el Parque Nacional. <span style=\"font-weight: 400;\">Nuestros expertos utilizan su amplia experiencia para liderar las excursiones, buscar e identificar especies y destacar detalles de inter\u00e9s, velar por su seguridad y cumplir con las indispensables normas de conservaci\u00f3n.<\/span><\/p>\n<p id=\"u12422-5\"><span style=\"font-weight: 400;\">Por encima de todo, nuestros gu\u00edas comparten su conocimiento.<\/span>, su amor y profundo respeto por el impresionante ecosistema de Gal\u00e1pagos. <span style=\"font-weight: 400;\">Sus inspiradoras explicaciones (en ingl\u00e9s y espa\u00f1ol) y fascinantes relatos sobre el comportamiento animal, los ecosistemas m\u00e1s intrigantes y las estrategias de supervivencia logran dar a\u00fan m\u00e1s vida a la naturaleza. Esto no solo ocurre durante las excursiones en tierra o en el mar, sino tambi\u00e9n en las charlas y reuniones informativas diarias a bordo.\n\nPor supuesto, siempre podr\u00e1 consultar a su gu\u00eda para resolver inquietudes personales o simplemente para compartir su curiosidad.<\/span><\/p>\n<\/div><\/article>\n\t\t<\/div>\n\t<\/div>\n\t<\/div>\n\n\t<div id=\"asdasd\" class=\"vc_col-sm-4 wpb_column vc_column_container mobile-border-bottom\" >\n\t<div class=\"vc_column-inner\" style=\"padding-top:30px;padding-bottom:60px;\">\n\t\t<div class=\"wpb_wrapper\" >\n\t\t\t<article  class=\"image-content-box content-box box-style-1 center\"><div class=\"featured_image_holder\"><img decoding=\"async\" class=\"img-responsive lazyload\" data-src=\"https:\/\/yachtaqua.com\/wp-content\/uploads\/2020\/05\/enjoy-aqua.jpg\" alt=\"aqua yacht enjoy galapagos\" src=\"data:image\/svg+xml;base64,PHN2ZyB3aWR0aD0iMSIgaGVpZ2h0PSIxIiB4bWxucz0iaHR0cDovL3d3dy53My5vcmcvMjAwMC9zdmciPjwvc3ZnPg==\" style=\"--smush-placeholder-width: 1244px; --smush-placeholder-aspect-ratio: 1244\/829;\" \/><\/div><div class=\"text-holder\"><h3 class=\"heading\">Disfruta de una experiencia m\u00e1s \u00edntima con la naturaleza<\/h3> <p id=\"u12427-2\"><span style=\"font-weight: 400;\">Los grupos peque\u00f1os hacen que su experiencia de naturaleza y navegaci\u00f3n sea, sin duda, m\u00e1s \u00edntima y profunda.<\/span> Gracias a un m\u00e1ximo de solo 16 pasajeros a bordo del M\/Y Aqua, su gu\u00eda naturalista puede atender f\u00e1cilmente los distintos intereses individuales. Adem\u00e1s, podr\u00e1 escucharlo con total claridad durante las excursiones en campo.<\/p>\n<p id=\"u12427-5\"><span style=\"font-weight: 400;\">Ambas embarcaciones inflables m\u00e1s peque\u00f1as (dinghies con capacidad para solo 8 pasajeros cada una)<\/span> permiten que el embarque y desembarque del yate sea mucho m\u00e1s \u00e1gil y eficiente, y aumentan sus posibilidades de <span style=\"font-weight: 400;\">spotting wildlife during the rides.<\/span> En embarcaciones de expedici\u00f3n m\u00e1s grandes, los distintos grupos deben mantener cierta distancia entre s\u00ed, lo que reduce la flexibilidad y resta valioso tiempo de excursi\u00f3n en las islas.<\/p>\n<\/div><\/article>\n\t\t<\/div>\n\t<\/div>\n\t<\/div>\n<\/div>\n<\/div>\n\n<div  class=\"content_row row vc_row wpb_row  default-style fullwidth fixed_heights rt-flex-wrapper rt-flex-wrapper has-custom-margin border-top\" style=\"margin-top:10px;\">\n\t\n\t<div class=\"content_row_wrapper align-contents content-align-middle fullwidth\" ><div id=\"asdasd\" class=\"vc_col-sm-4 wpb_column vc_column_container mobile-border-bottom\" >\n\t<div class=\"vc_column-inner\" style=\"padding-bottom:20px;\">\n\t\t<div class=\"wpb_wrapper\" >\n\t\t\t<article  class=\"image-content-box content-box box-style-1 center\"><div class=\"featured_image_holder\"><img decoding=\"async\" class=\"img-responsive lazyload\" data-src=\"https:\/\/yachtaqua.com\/wp-content\/uploads\/2020\/05\/formation-great-frigatebirds-galapagos-400x600px.jpg\" alt=\"Aqua Yacht Galapagos Islands wildlife\" src=\"data:image\/svg+xml;base64,PHN2ZyB3aWR0aD0iMSIgaGVpZ2h0PSIxIiB4bWxucz0iaHR0cDovL3d3dy53My5vcmcvMjAwMC9zdmciPjwvc3ZnPg==\" style=\"--smush-placeholder-width: 600px; --smush-placeholder-aspect-ratio: 600\/400;\" \/><\/div><div class=\"text-holder\"><h3 class=\"heading\">Una experiencia naturalista \u00fanica en la vida.<\/h3> <article class=\"icon-content-box content-box icon-top icon-style-1\">\n<div class=\"text-holder\">\n<p id=\"u12450-2\"><span style=\"font-weight: 400;\">Intimacy is precisely what differentiates our boat<\/span> from massive, impersonal cruise ships that navigate the seven seas, and also from a few large expedition vessels on the Galapagos.<\/p>\n<p id=\"u12450-5\">Your cruise will be an international rendezvous as well. <span style=\"font-weight: 400;\">English and Spanish are spoken aboard.<\/span>\u00a0You will share your experience with passengers from all over the world, and may even make new friends!<\/p>\n<p id=\"u12450-8\">Our welcoming and helpful staff will do their utmost to convert <span style=\"font-weight: 400;\">your once in a lifetime Galapagos experience into the trip of your life!<\/span><\/p>\n<\/div>\n<\/article>\n<\/div><\/article>\n\t\t<\/div>\n\t<\/div>\n\t<\/div>\n\n\t<div id=\"asdasd\" class=\"vc_col-sm-4 wpb_column vc_column_container mobile-border-bottom custom_bg\" >\n\t<div class=\"vc_column-inner\" style=\"background-color: rgba(255,255,255,0.1);\">\n\t\t<div class=\"wpb_wrapper\" >\n\t\t\t<article  class=\"image-content-box content-box box-style-1 center\"><div class=\"featured_image_holder\"><img decoding=\"async\" class=\"img-responsive lazyload\" data-src=\"https:\/\/yachtaqua.com\/wp-content\/uploads\/2020\/05\/aqua-food.jpg\" alt=\"aqua sea food\" src=\"data:image\/svg+xml;base64,PHN2ZyB3aWR0aD0iMSIgaGVpZ2h0PSIxIiB4bWxucz0iaHR0cDovL3d3dy53My5vcmcvMjAwMC9zdmciPjwvc3ZnPg==\" style=\"--smush-placeholder-width: 1244px; --smush-placeholder-aspect-ratio: 1244\/829;\" \/><\/div><div class=\"text-holder\"><h3 class=\"heading\">Deliciosa gastronom\u00eda que despierta todos sus sentidos.<\/h3> <article class=\"icon-content-box content-box icon-top icon-style-1\">\n<div class=\"text-holder\">\n<p id=\"u12460-2\">Our professional cook and kitchen help will treat you to a substantial breakfast, and mouth-watering warm lunches and dinners, all served in abundant buffet style.<\/p>\n<p id=\"u12460-5\">The galley (kitchen) will keep surprising you with a varied menu of local and international dishes <span style=\"font-weight: 400;\">with at least two protein choices (usually fish, chicken or meat); rice, potatoes, or pasta; and various vegetables and salads.<\/span><\/p>\n<p id=\"u12460-8\">Our food is healthy and delicious; special meals (vegetarian or other dietary requirements) are available upon previous request at no extra cost. Snacks and juices are <span style=\"font-weight: 400;\">served in between meals.<\/span><\/p>\n<\/div>\n<\/article>\n<\/div><\/article>\n\t\t<\/div>\n\t<\/div>\n\t<\/div>\n\n\t<div id=\"asdasd\" class=\"vc_col-sm-4 wpb_column vc_column_container mobile-border-bottom\" >\n\t<div class=\"vc_column-inner\" style=\"padding-bottom:30px;\">\n\t\t<div class=\"wpb_wrapper\" >\n\t\t\t<article  class=\"image-content-box content-box box-style-1 center\"><div class=\"featured_image_holder\"><img decoding=\"async\" class=\"img-responsive lazyload\" data-src=\"https:\/\/yachtaqua.com\/wp-content\/uploads\/2020\/05\/aqua-safely.jpg\" alt=\"Yacht Aqua safely galapagos liveaboard\" src=\"data:image\/svg+xml;base64,PHN2ZyB3aWR0aD0iMSIgaGVpZ2h0PSIxIiB4bWxucz0iaHR0cDovL3d3dy53My5vcmcvMjAwMC9zdmciPjwvc3ZnPg==\" style=\"--smush-placeholder-width: 1244px; --smush-placeholder-aspect-ratio: 1244\/829;\" \/><\/div><div class=\"text-holder\"><h3 class=\"heading\">Mientras tanto, su capit\u00e1n navega de manera segura hacia el siguiente destino.<\/h3> <article class=\"icon-content-box content-box icon-top icon-style-1\">\n<div class=\"text-holder\">\n<p class=\"aligncenter\">Whilst carelessly enjoying <span style=\"font-weight: 400;\">the leisurely ambience on board<\/span>, you can rest assured that the captain and his competent crew will make sure you\u2019re safe at all times. They are always there to help you in and out safely when boarding and disembarking, <span style=\"font-weight: 400;\">or prudently driving the inflatable boats (dinghies).<\/span><\/p>\n<p class=\"aligncenter\"><span style=\"font-weight: 400;\">Many zones of the Galapagos are very far away and require self sufficiency. As a matter of course, all crew members have first-aid knowledge.<\/span><\/p>\n<p class=\"aligncenter\">Your naturalist guide and captain are trained to deal with eventual medical or other emergencies aboard. The bridge always maintains radio contact with the outside world.<\/p>\n<\/div>\n<\/article>\n<\/div><\/article>\n\t\t<\/div>\n\t<\/div>\n\t<\/div>\n\n\t<div id=\"asdasd\" class=\"vc_col-sm-12 wpb_column vc_column_container\" >\n\t<div class=\"vc_column-inner\">\n\t\t<div class=\"wpb_wrapper\" >\n\t\t\t<div class=\"ult-spacer spacer-69e4eb92391a8\" data-id=\"69e4eb92391a8\" data-height=\"40\" data-height-mobile=\"40\" data-height-tab=\"40\" data-height-tab-portrait=\"\" data-height-mobile-landscape=\"\" style=\"clear:both;display:block;\"><\/div>\n\t\t<\/div>\n\t<\/div>\n\t<\/div>\n\n\t<div id=\"asdasd\" class=\"vc_col-sm-12 wpb_column vc_column_container\" >\n\t<div class=\"vc_column-inner\">\n\t\t<div class=\"wpb_wrapper\" >\n\t\t\t<div class=\"rt_features clearfix  nav-columns-1 gallery-align-left\"><div class=\"feature_galleries\" style=\"min-height:200px\">\n<div id=\"feature-1-gallery\" class=\"feature_gallery_wrapper  active\" data-feature-gallery=\"1\"><a id=\"lightbox-865149\" class=\"imgeffect zoom rt_lightbox\" data-gal-id=\"slider-feature-1\" data-rel=\"lightbox-image-cnRfbGlnaHRib3g=\" data-rl_title=\"\" data-rl_caption=\"\" title=\"\" data-title=\"Sea Lions Encounter\" data-sub-html=\"\" data-src=\"\" data-width=\"\" data-height=\"\" data-poster=\"\" data-autoplay=\"\" data-audiotitle=\"\" data-download-url=\"false\" href=\"https:\/\/yachtaqua.comaqua\/wp-content\/uploads\/2020\/05\/Sea-Lions-Encounter.jpg\"><div class=\"gallery-image has-bg-image lazyload\" style=\"background-image:inherit;\" data-bg-image=\"url(https:\/\/yachtaqua.com\/wp-content\/uploads\/2020\/05\/Sea-Lions-Encounter-900x600.jpg)\"><\/div><\/a><\/div>\n<\/div>\n<div class=\"feature_contents_wrapper\" style=\"min-height:200px\">\n<ul class=\"feature_nav\">\n<li class=\"feature_title  active\" id=\"feature-1-title\" data-number=\"1\"><\/li>\n<\/ul>\n<div class=\"feature_contents\"><div id=\"feature-1-content\" class=\"feature_content_wrapper  active\" data-feature-content=\"1\">\n<div class=\"tab_content\">\n<h3 class=\"feature-heading\"><\/h3>\n<h3>Closer to nature than ever before!<\/h3>\n<p id=\"u12469-2\"><span style=\"font-weight: 400;\">An expedition through the Galapagos Archipelago<\/span> is a unique experience that you won\u2019t easily forget. <span style=\"font-weight: 400;\">The great outdoors of this national park<\/span> form an unrivalled destination for wildlife and bird observation. You will constantly be impressed while spotting, approaching and photographing its incredibly tame and prosperous forms of life. You will be closer to nature than ever before!<\/p>\n<p id=\"u12469-5\">The Galapagos Islands are located right on the equator, about 900km\/550mi off the Pacific coast of Ecuador (South America). Nature on these remote islands and in their surrounding waters is so strange, diverse and abundant, that the archipelago is often praised for being one of the most impressive and magical eco-destinations in the world; together with \u2013 but totally different than \u2013 the Amazon Rainforest, the Antarctic Peninsula, the Great Barrier Reef and the African Savannahs.<\/p>\n<p id=\"u12469-8\"><span style=\"font-weight: 400;\">Since you are here, what<\/span> about upgrading your great outing with a stay in one of the comfortable lodges in the Ecuadorian Amazon as well?<\/p>\n<\/div><\/div>\n<\/div>\n<div class=\"feature_mobile_nav bottom\">\n\t\t<ul>\n\t\t<li class=\"prev-feature-holder\"><span class=\"icon-left-open\"><\/span><a class=\"prev-feature\" data-current-feature=\"1\" href=\"#\" title=\"Previous Feature\">-<\/a><\/li>\n\t\t<li class=\"next-feature-holder\"><a class=\"next-feature\" data-current-feature=\"1\" href=\"#\" title=\"Next Feature\">-<\/a><span class=\"icon-right-open\"><\/span><\/li>\n\t\t<\/ul>\n\t\t<\/div>\n<\/div>\n<\/div><div class=\"ult-spacer spacer-69e4eb923971c\" data-id=\"69e4eb923971c\" data-height=\"\" data-height-mobile=\"\" data-height-tab=\"\" data-height-tab-portrait=\"\" data-height-mobile-landscape=\"\" style=\"clear:both;display:block;\"><\/div>\n\t\t<\/div>\n\t<\/div>\n\t<\/div>\n<\/div>\n<\/div>\n\n<div  class=\"content_row row vc_row wpb_row  default-style fullwidth fixed_heights rt-flex-wrapper rt-flex-wrapper\" >\n\t\n\t<div class=\"content_row_wrapper align-contents content-align-middle fullwidth\" ><div id=\"asdasd\" class=\"vc_col-sm-6 wpb_column vc_column_container\" >\n\t<div class=\"vc_column-inner\">\n\t\t<div class=\"wpb_wrapper\" >\n\t\t\t<div class=\"rt_heading_wrapper style-1\">\n\t\t\t\t\t\t<h1 class=\"rt_heading  style-1\"  style=\"margin-bottom:60px;\">Think green<\/h1> \n\t\t\t\t\t<\/div><article  class=\"icon-content-box content-box icon-left icon-style-1\"><div class=\"icon-holder\"><\/div><div class=\"text-holder\"><h6 class=\"heading\">Our yacht has been designed to reduce the impact on the fragile ecosystem. We meet environmental requirements in:<\/h6> <div id=\"u53343-13\" class=\"clearfix colelem\">\n<ul id=\"u53343-3\" class=\"list0 nls-None\">\n<li style=\"text-align: left;\">Optimum group size<\/li>\n<li>Fuel efficiency<\/li>\n<li style=\"text-align: left;\">Noise mitigation<\/li>\n<li>Fresh water conservation<\/li>\n<li>Waste water treatment<\/li>\n<li>Waste management<\/li>\n<li>Non-smoking interior areas<\/li>\n<li>Encouragement of passengers to Think Green themselves<\/li>\n<\/ul>\n<\/div>\n<\/div><\/article>\n\t\t<\/div>\n\t<\/div>\n\t<\/div>\n\n\t<div id=\"asdasd\" class=\"vc_col-sm-6 wpb_column vc_column_container\" >\n\t<div class=\"vc_column-inner\">\n\t\t<div class=\"wpb_wrapper\" >\n\t\t\t<div class=\"rt_heading_wrapper style-1\">\n\t\t\t\t\t\t<h1 class=\"rt_heading  style-1\"  style=\"margin-bottom:60px;\">You are in the Galapagos Islands only once!<\/h1> \n\t\t\t\t\t<\/div><article  class=\"icon-content-box content-box icon-left icon-style-1\"><div class=\"icon-holder\"><\/div><div class=\"text-holder\"> <p id=\"u12475-2\">Our shortest routes give an excellent impression of <span style=\"font-weight: 400;\">this unique \u201claboratory of evolution\u2019\u201d in case you have little time or if you are on a limited budget.<\/span> But please bear in mind that it would be impossible to see all the highlights in just a few days. <span style=\"font-weight: 400;\">On the other hand, you will probably only visit the Galapagos once in a lifetime. Each island is distinctive and well worth a visit, with different landscapes and an ever-changing spectrum of adapted species.<\/span><\/p>\n<p id=\"u12475-5\"><span style=\"font-weight: 400;\">If you want to get the most out of your journey and explore practically every corner of the archipelago to enjoy its extremely varied spectrum, we suggest you consider extending your expedition by combining our routes (4-14 nights).<\/span><\/p>\n<\/div><\/article><div class=\"vc_empty_space\"   style=\"height: 100px\"><span class=\"vc_empty_space_inner\"><\/span><\/div>\n\t\t<\/div>\n\t<\/div>\n\t<\/div>\n<\/div>\n<\/div>\n<\/div>","protected":false},"excerpt":{"rendered":"<p>&#8230; <a class=\"more-link\" href=\"https:\/\/yachtaqua.com\/es\/galapagos-experience\/\">Continue reading<\/a><\/p>","protected":false},"author":1,"featured_media":0,"parent":0,"menu_order":0,"comment_status":"closed","ping_status":"closed","template":"","meta":{"footnotes":""},"class_list":["post-4217","page","type-page","status-publish","hentry"],"yoast_head":"<!-- This site is optimized with the Yoast SEO plugin v27.4 - https:\/\/yoast.com\/product\/yoast-seo-wordpress\/ -->\n<title>Galapagos Experience - Yacht Aqua<\/title>\n<meta name=\"robots\" content=\"index, follow, max-snippet:-1, max-image-preview:large, max-video-preview:-1\" \/>\n<link rel=\"canonical\" href=\"https:\/\/yachtaqua.com\/es\/galapagos-experience\/\" \/>\n<meta property=\"og:locale\" content=\"es_ES\" \/>\n<meta property=\"og:type\" content=\"article\" \/>\n<meta property=\"og:title\" content=\"Galapagos Experience - Yacht Aqua\" \/>\n<meta property=\"og:url\" content=\"https:\/\/yachtaqua.com\/es\/galapagos-experience\/\" \/>\n<meta property=\"og:site_name\" content=\"Yacht Aqua\" \/>\n<meta property=\"article:modified_time\" content=\"2024-08-08T17:29:29+00:00\" \/>\n<meta name=\"twitter:card\" content=\"summary_large_image\" \/>\n<meta name=\"twitter:label1\" content=\"Tiempo de lectura\" \/>\n\t<meta name=\"twitter:data1\" content=\"9 minutos\" \/>\n<script type=\"application\/ld+json\" class=\"yoast-schema-graph\">{\"@context\":\"https:\\\/\\\/schema.org\",\"@graph\":[{\"@type\":\"WebPage\",\"@id\":\"https:\\\/\\\/yachtaqua.com\\\/galapagos-experience\\\/\",\"url\":\"https:\\\/\\\/yachtaqua.com\\\/galapagos-experience\\\/\",\"name\":\"Galapagos Experience - Yacht Aqua\",\"isPartOf\":{\"@id\":\"https:\\\/\\\/yachtaqua.com\\\/#website\"},\"datePublished\":\"2020-04-13T17:06:20+00:00\",\"dateModified\":\"2024-08-08T17:29:29+00:00\",\"breadcrumb\":{\"@id\":\"https:\\\/\\\/yachtaqua.com\\\/galapagos-experience\\\/#breadcrumb\"},\"inLanguage\":\"es\",\"potentialAction\":[{\"@type\":\"ReadAction\",\"target\":[\"https:\\\/\\\/yachtaqua.com\\\/galapagos-experience\\\/\"]}]},{\"@type\":\"BreadcrumbList\",\"@id\":\"https:\\\/\\\/yachtaqua.com\\\/galapagos-experience\\\/#breadcrumb\",\"itemListElement\":[{\"@type\":\"ListItem\",\"position\":1,\"name\":\"Inicio\",\"item\":\"https:\\\/\\\/yachtaqua.com\\\/\"},{\"@type\":\"ListItem\",\"position\":2,\"name\":\"Galapagos Experience\"}]},{\"@type\":\"WebSite\",\"@id\":\"https:\\\/\\\/yachtaqua.com\\\/#website\",\"url\":\"https:\\\/\\\/yachtaqua.com\\\/\",\"name\":\"Yacht Aqua\",\"description\":\"Dive in the Galapagos Islands now!\",\"potentialAction\":[{\"@type\":\"SearchAction\",\"target\":{\"@type\":\"EntryPoint\",\"urlTemplate\":\"https:\\\/\\\/yachtaqua.com\\\/?s={search_term_string}\"},\"query-input\":{\"@type\":\"PropertyValueSpecification\",\"valueRequired\":true,\"valueName\":\"search_term_string\"}}],\"inLanguage\":\"es\"}]}<\/script>\n<!-- \/ Yoast SEO plugin. -->","yoast_head_json":{"title":"Galapagos Experience - Yacht Aqua","robots":{"index":"index","follow":"follow","max-snippet":"max-snippet:-1","max-image-preview":"max-image-preview:large","max-video-preview":"max-video-preview:-1"},"canonical":"https:\/\/yachtaqua.com\/es\/galapagos-experience\/","og_locale":"es_ES","og_type":"article","og_title":"Galapagos Experience - Yacht Aqua","og_url":"https:\/\/yachtaqua.com\/es\/galapagos-experience\/","og_site_name":"Yacht Aqua","article_modified_time":"2024-08-08T17:29:29+00:00","twitter_card":"summary_large_image","twitter_misc":{"Tiempo de lectura":"9 minutos"},"schema":{"@context":"https:\/\/schema.org","@graph":[{"@type":"WebPage","@id":"https:\/\/yachtaqua.com\/galapagos-experience\/","url":"https:\/\/yachtaqua.com\/galapagos-experience\/","name":"Galapagos Experience - Yacht Aqua","isPartOf":{"@id":"https:\/\/yachtaqua.com\/#website"},"datePublished":"2020-04-13T17:06:20+00:00","dateModified":"2024-08-08T17:29:29+00:00","breadcrumb":{"@id":"https:\/\/yachtaqua.com\/galapagos-experience\/#breadcrumb"},"inLanguage":"es","potentialAction":[{"@type":"ReadAction","target":["https:\/\/yachtaqua.com\/galapagos-experience\/"]}]},{"@type":"BreadcrumbList","@id":"https:\/\/yachtaqua.com\/galapagos-experience\/#breadcrumb","itemListElement":[{"@type":"ListItem","position":1,"name":"Inicio","item":"https:\/\/yachtaqua.com\/"},{"@type":"ListItem","position":2,"name":"Galapagos Experience"}]},{"@type":"WebSite","@id":"https:\/\/yachtaqua.com\/#website","url":"https:\/\/yachtaqua.com\/","name":"Yacht Aqua","description":"\u00a1Sum\u00e9rgete ahora en las Islas Gal\u00e1pagos!","potentialAction":[{"@type":"SearchAction","target":{"@type":"EntryPoint","urlTemplate":"https:\/\/yachtaqua.com\/?s={search_term_string}"},"query-input":{"@type":"PropertyValueSpecification","valueRequired":true,"valueName":"search_term_string"}}],"inLanguage":"es"}]}},"_links":{"self":[{"href":"https:\/\/yachtaqua.com\/es\/wp-json\/wp\/v2\/pages\/4217","targetHints":{"allow":["GET"]}}],"collection":[{"href":"https:\/\/yachtaqua.com\/es\/wp-json\/wp\/v2\/pages"}],"about":[{"href":"https:\/\/yachtaqua.com\/es\/wp-json\/wp\/v2\/types\/page"}],"author":[{"embeddable":true,"href":"https:\/\/yachtaqua.com\/es\/wp-json\/wp\/v2\/users\/1"}],"replies":[{"embeddable":true,"href":"https:\/\/yachtaqua.com\/es\/wp-json\/wp\/v2\/comments?post=4217"}],"version-history":[{"count":45,"href":"https:\/\/yachtaqua.com\/es\/wp-json\/wp\/v2\/pages\/4217\/revisions"}],"predecessor-version":[{"id":5597,"href":"https:\/\/yachtaqua.com\/es\/wp-json\/wp\/v2\/pages\/4217\/revisions\/5597"}],"wp:attachment":[{"href":"https:\/\/yachtaqua.com\/es\/wp-json\/wp\/v2\/media?parent=4217"}],"curies":[{"name":"wp","href":"https:\/\/api.w.org\/{rel}","templated":true}]}}